{"id":34,"date":"2026-01-13T13:02:38","date_gmt":"2026-01-13T12:02:38","guid":{"rendered":"https:\/\/xn--nikolettprnye-qmb.hu\/?page_id=34"},"modified":"2026-02-25T19:11:08","modified_gmt":"2026-02-25T18:11:08","slug":"kapcsolat","status":"publish","type":"page","link":"https:\/\/xn--nikolettprnye-qmb.hu\/en\/kapcsolat\/","title":{"rendered":"Contact"},"content":{"rendered":"<div data-elementor-type=\"wp-page\" data-elementor-id=\"34\" class=\"elementor elementor-34\" data-elementor-post-type=\"page\">\n\t\t\t\t<div class=\"elementor-element elementor-element-2ac5373 e-con-full e-flex e-con e-parent\" data-id=\"2ac5373\" data-element_type=\"container\" data-e-type=\"container\" data-settings=\"{&quot;background_background&quot;:&quot;classic&quot;}\">\n\t\t\t\t<div class=\"elementor-element elementor-element-6a124ad elementor-widget elementor-widget-spacer\" data-id=\"6a124ad\" data-element_type=\"widget\" data-e-type=\"widget\" data-widget_type=\"spacer.default\">\n\t\t\t\t\t\t\t<div class=\"elementor-spacer\">\n\t\t\t<div class=\"elementor-spacer-inner\"><\/div>\n\t\t<\/div>\n\t\t\t\t\t\t<\/div>\n\t\t\t\t<div class=\"elementor-element elementor-element-c74f533 teszt elementor-widget elementor-widget-text-editor\" data-id=\"c74f533\" data-element_type=\"widget\" data-e-type=\"widget\" data-widget_type=\"text-editor.default\">\n\t\t\t\t\t\t\t\t\t<p>The prices of the exhibited artworks are available upon individual request. If you are interested in a painting or would like to request a quote, please contact me using one of the contact details below.<\/p>\t\t\t\t\t\t\t\t<\/div>\n\t\t\t\t<div class=\"elementor-element elementor-element-8fedad2 elementor-widget elementor-widget-heading\" data-id=\"8fedad2\" data-element_type=\"widget\" data-e-type=\"widget\" data-widget_type=\"heading.default\">\n\t\t\t\t\t<h2 class=\"elementor-heading-title elementor-size-default\">Contact Details<\/h2>\t\t\t\t<\/div>\n\t\t\t\t<div class=\"elementor-element elementor-element-4af8807 elementor-hidden-mobile elementor-widget elementor-widget-heading\" data-id=\"4af8807\" data-element_type=\"widget\" data-e-type=\"widget\" data-widget_type=\"heading.default\">\n\t\t\t\t\t<h1 class=\"elementor-heading-title elementor-size-default\"><a href=\"https:\/\/www.facebook.com\/profile.php?id=100081485627571\">https:\/\/www.facebook.com\/nikolettp\u00f6rnye<\/a><\/h1>\t\t\t\t<\/div>\n\t\t\t\t<div class=\"elementor-element elementor-element-a7c379a elementor-hidden-desktop elementor-hidden-tablet elementor-widget elementor-widget-heading\" data-id=\"a7c379a\" data-element_type=\"widget\" data-e-type=\"widget\" data-widget_type=\"heading.default\">\n\t\t\t\t\t<h1 class=\"elementor-heading-title elementor-size-default\"><a href=\"https:\/\/www.facebook.com\/profile.php?id=100081485627571\">https:\/\/www.facebook.com\/\nnikolettp\u00f6rnye<\/a><\/h1>\t\t\t\t<\/div>\n\t\t\t\t<div class=\"elementor-element elementor-element-d6a69d7 elementor-widget elementor-widget-heading\" data-id=\"d6a69d7\" data-element_type=\"widget\" data-e-type=\"widget\" data-widget_type=\"heading.default\">\n\t\t\t\t\t<h1 class=\"elementor-heading-title elementor-size-default\"><a href=\"mailto:nixi.nikol@gmail.com\">nixi.nikol@gmail.com<\/a><\/h1>\t\t\t\t<\/div>\n\t\t\t\t<div class=\"elementor-element elementor-element-cfc6b03 elementor-widget elementor-widget-spacer\" data-id=\"cfc6b03\" data-element_type=\"widget\" data-e-type=\"widget\" data-widget_type=\"spacer.default\">\n\t\t\t\t\t\t\t<div class=\"elementor-spacer\">\n\t\t\t<div class=\"elementor-spacer-inner\"><\/div>\n\t\t<\/div>\n\t\t\t\t\t\t<\/div>\n\t\t\t\t<\/div>\n\t\t\t\t<\/div>","protected":false},"excerpt":{"rendered":"<p>A bemutatott alkot\u00e1sok \u00e1rai egy\u00e9ni megkeres\u00e9s alapj\u00e1n \u00e9rhet\u0151k el. Amennyiben egy festm\u00e9ny ir\u00e1nt \u00e9rdekl\u0151dik, vagy \u00e1raj\u00e1nlatot szeretne k\u00e9rni, k\u00e9rem, vegye fel velem a kapcsolatot az al\u00e1bbi el\u00e9rhet\u0151s\u00e9gek egyik\u00e9n. El\u00e9rhet\u0151s\u00e9gek https:\/\/www.facebook.com\/nikolettp\u00f6rnye https:\/\/www.facebook.com\/ nikolettp\u00f6rnye nixi.nikol@gmail.com<\/p>","protected":false},"author":1,"featured_media":0,"parent":0,"menu_order":0,"comment_status":"closed","ping_status":"closed","template":"","meta":{"footnotes":""},"class_list":["post-34","page","type-page","status-publish"],"_links":{"self":[{"href":"https:\/\/xn--nikolettprnye-qmb.hu\/en\/wp-json\/wp\/v2\/pages\/34","targetHints":{"allow":["GET"]}}],"collection":[{"href":"https:\/\/xn--nikolettprnye-qmb.hu\/en\/wp-json\/wp\/v2\/pages"}],"about":[{"href":"https:\/\/xn--nikolettprnye-qmb.hu\/en\/wp-json\/wp\/v2\/types\/page"}],"author":[{"embeddable":true,"href":"https:\/\/xn--nikolettprnye-qmb.hu\/en\/wp-json\/wp\/v2\/users\/1"}],"replies":[{"embeddable":true,"href":"https:\/\/xn--nikolettprnye-qmb.hu\/en\/wp-json\/wp\/v2\/comments?post=34"}],"version-history":[{"count":0,"href":"https:\/\/xn--nikolettprnye-qmb.hu\/en\/wp-json\/wp\/v2\/pages\/34\/revisions"}],"wp:attachment":[{"href":"https:\/\/xn--nikolettprnye-qmb.hu\/en\/wp-json\/wp\/v2\/media?parent=34"}],"curies":[{"name":"wp","href":"https:\/\/api.w.org\/{rel}","templated":true}]}}