{"id":517,"date":"2026-01-14T15:03:36","date_gmt":"2026-01-14T14:03:36","guid":{"rendered":"https:\/\/xn--nikolettprnye-qmb.hu\/?page_id=517"},"modified":"2026-04-16T07:43:09","modified_gmt":"2026-04-16T06:43:09","slug":"csendeletek-galeria","status":"publish","type":"page","link":"https:\/\/xn--nikolettprnye-qmb.hu\/en\/csendeletek-galeria\/","title":{"rendered":"Csend\u00e9letek gal\u00e9ria"},"content":{"rendered":"<div data-elementor-type=\"wp-page\" data-elementor-id=\"517\" class=\"elementor elementor-517\" data-elementor-post-type=\"page\">\n\t\t\t\t<div class=\"elementor-element elementor-element-8a667fb e-con-full e-flex e-con e-parent\" data-id=\"8a667fb\" data-element_type=\"container\" data-e-type=\"container\" data-settings=\"{&quot;background_background&quot;:&quot;classic&quot;}\">\n\t\t\t\t<div class=\"elementor-element elementor-element-25a1f37 elementor-widget elementor-widget-gallery\" data-id=\"25a1f37\" data-element_type=\"widget\" data-e-type=\"widget\" data-settings=\"{&quot;gallery_layout&quot;:&quot;masonry&quot;,&quot;overlay_title&quot;:&quot;caption&quot;,&quot;lazyload&quot;:&quot;yes&quot;,&quot;columns&quot;:4,&quot;columns_tablet&quot;:2,&quot;columns_mobile&quot;:1,&quot;gap&quot;:{&quot;unit&quot;:&quot;px&quot;,&quot;size&quot;:10,&quot;sizes&quot;:[]},&quot;gap_tablet&quot;:{&quot;unit&quot;:&quot;px&quot;,&quot;size&quot;:10,&quot;sizes&quot;:[]},&quot;gap_mobile&quot;:{&quot;unit&quot;:&quot;px&quot;,&quot;size&quot;:10,&quot;sizes&quot;:[]},&quot;link_to&quot;:&quot;file&quot;,&quot;overlay_background&quot;:&quot;yes&quot;,&quot;content_hover_animation&quot;:&quot;fade-in&quot;}\" data-widget_type=\"gallery.default\">\n\t\t\t\t\t\t\t<div class=\"elementor-gallery__container\">\n\t\t\t\t\t\t\t<a class=\"e-gallery-item elementor-gallery-item elementor-animated-content\" href=\"https:\/\/xn--nikolettprnye-qmb.hu\/wp-content\/uploads\/2026\/01\/FB_IMG_1767718657622.jpg\" data-elementor-open-lightbox=\"yes\" data-elementor-lightbox-slideshow=\"25a1f37\" data-elementor-lightbox-title=\"Cseresznyevir\u00e1gz\u00e1s - 50x70 - olaj, v\u00e1szon - 2023 - El\u00e9rhet\u0151\" data-e-action-hash=\"#elementor-action%3Aaction%3Dlightbox%26settings%3DeyJpZCI6NTUyLCJ1cmwiOiJodHRwczpcL1wveG4tLW5pa29sZXR0cHJueWUtcW1iLmh1XC93cC1jb250ZW50XC91cGxvYWRzXC8yMDI2XC8wMVwvRkJfSU1HXzE3Njc3MTg2NTc2MjIuanBnIiwic2xpZGVzaG93IjoiMjVhMWYzNyJ9\">\n\t\t\t\t\t<div class=\"e-gallery-image elementor-gallery-item__image\" data-thumbnail=\"https:\/\/xn--nikolettprnye-qmb.hu\/wp-content\/uploads\/2026\/01\/FB_IMG_1767718657622.jpg\" data-width=\"2048\" data-height=\"1276\" aria-label=\"Close-up of pink cherry blossoms, a delicate oil painting with a gentle spring atmosphere\" role=\"img\" ><\/div>\n\t\t\t\t\t\t\t\t\t\t\t<div class=\"elementor-gallery-item__overlay\"><\/div>\n\t\t\t\t\t\t\t\t\t\t\t\t\t\t\t<div class=\"elementor-gallery-item__content\">\n\t\t\t\t\t\t\t\t\t\t\t\t\t\t<div class=\"elementor-gallery-item__title\">\n\t\t\t\t\t\t\t\t\t\t\t\t\t\t\t\t\t\tCherry Blossom \u2013 50\u00d770 \u2013 oil on canvas \u2013 2023 \u2013 Available\t\t\t\t\t\t\t\t<\/div>\n\t\t\t\t\t\t\t\t\t\t\t\t<\/div>\n\t\t\t\t\t\t\t\t\t<\/a>\n\t\t\t\t\t\t\t<a class=\"e-gallery-item elementor-gallery-item elementor-animated-content\" href=\"https:\/\/xn--nikolettprnye-qmb.hu\/wp-content\/uploads\/2026\/04\/80x60-olaj-vaszon-elerheto-.jpg\" data-elementor-open-lightbox=\"yes\" data-elementor-lightbox-slideshow=\"25a1f37\" data-elementor-lightbox-title=\"Szirmok csendje - 80x60 - olaj, v\u00e1szon - 2026 - El\u00e9rhet\u0151\" data-e-action-hash=\"#elementor-action%3Aaction%3Dlightbox%26settings%3DeyJpZCI6MTIyMiwidXJsIjoiaHR0cHM6XC9cL3huLS1uaWtvbGV0dHBybnllLXFtYi5odVwvd3AtY29udGVudFwvdXBsb2Fkc1wvMjAyNlwvMDRcLzgweDYwLW9sYWotdmFzem9uLWVsZXJoZXRvLS5qcGciLCJzbGlkZXNob3ciOiIyNWExZjM3In0%3D\">\n\t\t\t\t\t<div class=\"e-gallery-image elementor-gallery-item__image\" data-thumbnail=\"https:\/\/xn--nikolettprnye-qmb.hu\/wp-content\/uploads\/2026\/04\/80x60-olaj-vaszon-elerheto-.jpg\" data-width=\"1698\" data-height=\"2314\" aria-label=\"A pink flower with buds on a branch, set against a dark, soft background with delicate lighting.\" role=\"img\" ><\/div>\n\t\t\t\t\t\t\t\t\t\t\t<div class=\"elementor-gallery-item__overlay\"><\/div>\n\t\t\t\t\t\t\t\t\t\t\t\t\t\t\t<div class=\"elementor-gallery-item__content\">\n\t\t\t\t\t\t\t\t\t\t\t\t\t\t<div class=\"elementor-gallery-item__title\">\n\t\t\t\t\t\t\t\t\t\t\t\t\t\t\t\t\t\tSilence of Petals \u2013 80\u00d760 \u2013 oil on canvas \u2013 2026 \u2013 Available\t\t\t\t\t\t\t\t<\/div>\n\t\t\t\t\t\t\t\t\t\t\t\t<\/div>\n\t\t\t\t\t\t\t\t\t<\/a>\n\t\t\t\t\t\t\t<a class=\"e-gallery-item elementor-gallery-item elementor-animated-content\" href=\"https:\/\/xn--nikolettprnye-qmb.hu\/wp-content\/uploads\/2026\/01\/FB_IMG_1767718633277.jpg\" data-elementor-open-lightbox=\"yes\" data-elementor-lightbox-slideshow=\"25a1f37\" data-elementor-lightbox-title=\"Citrusok - 80x80 - olaj, v\u00e1szon - 2025 - El\u00e9rhet\u0151\" data-e-action-hash=\"#elementor-action%3Aaction%3Dlightbox%26settings%3DeyJpZCI6NDMwLCJ1cmwiOiJodHRwczpcL1wveG4tLW5pa29sZXR0cHJueWUtcW1iLmh1XC93cC1jb250ZW50XC91cGxvYWRzXC8yMDI2XC8wMVwvRkJfSU1HXzE3Njc3MTg2MzMyNzcuanBnIiwic2xpZGVzaG93IjoiMjVhMWYzNyJ9\">\n\t\t\t\t\t<div class=\"e-gallery-image elementor-gallery-item__image\" data-thumbnail=\"https:\/\/xn--nikolettprnye-qmb.hu\/wp-content\/uploads\/2026\/01\/FB_IMG_1767718633277.jpg\" data-width=\"1080\" data-height=\"1106\" aria-label=\"Citrus fruits in a bowl, realistic oil painting still life\" role=\"img\" ><\/div>\n\t\t\t\t\t\t\t\t\t\t\t<div class=\"elementor-gallery-item__overlay\"><\/div>\n\t\t\t\t\t\t\t\t\t\t\t\t\t\t\t<div class=\"elementor-gallery-item__content\">\n\t\t\t\t\t\t\t\t\t\t\t\t\t\t<div class=\"elementor-gallery-item__title\">\n\t\t\t\t\t\t\t\t\t\t\t\t\t\t\t\t\t\tCitrus Fruits \u2013 80\u00d780 \u2013 oil on canvas \u2013 2025 \u2013 Available\t\t\t\t\t\t\t\t<\/div>\n\t\t\t\t\t\t\t\t\t\t\t\t<\/div>\n\t\t\t\t\t\t\t\t\t<\/a>\n\t\t\t\t\t\t\t<a class=\"e-gallery-item elementor-gallery-item elementor-animated-content\" href=\"https:\/\/xn--nikolettprnye-qmb.hu\/wp-content\/uploads\/2026\/01\/Screenshot_20260106_205538_Chrome.jpg\" data-elementor-open-lightbox=\"yes\" data-elementor-lightbox-slideshow=\"25a1f37\" data-elementor-lightbox-title=\"Bor-m\u00e1mor - 80x60 - olaj, v\u00e1szon - 2023 - El\u00e9rhet\u0151\" data-e-action-hash=\"#elementor-action%3Aaction%3Dlightbox%26settings%3DeyJpZCI6NTMwLCJ1cmwiOiJodHRwczpcL1wveG4tLW5pa29sZXR0cHJueWUtcW1iLmh1XC93cC1jb250ZW50XC91cGxvYWRzXC8yMDI2XC8wMVwvU2NyZWVuc2hvdF8yMDI2MDEwNl8yMDU1MzhfQ2hyb21lLmpwZyIsInNsaWRlc2hvdyI6IjI1YTFmMzcifQ%3D%3D\">\n\t\t\t\t\t<div class=\"e-gallery-image elementor-gallery-item__image\" data-thumbnail=\"https:\/\/xn--nikolettprnye-qmb.hu\/wp-content\/uploads\/2026\/01\/Screenshot_20260106_205538_Chrome.jpg\" data-width=\"1080\" data-height=\"1476\" aria-label=\"A bunch of grapes in sunlight, a realistic oil painting.\" role=\"img\" ><\/div>\n\t\t\t\t\t\t\t\t\t\t\t<div class=\"elementor-gallery-item__overlay\"><\/div>\n\t\t\t\t\t\t\t\t\t\t\t\t\t\t\t<div class=\"elementor-gallery-item__content\">\n\t\t\t\t\t\t\t\t\t\t\t\t\t\t<div class=\"elementor-gallery-item__title\">\n\t\t\t\t\t\t\t\t\t\t\t\t\t\t\t\t\t\tWine Ecstasy \u2013 80\u00d760 \u2013 oil on canvas \u2013 2023 \u2013 Available\t\t\t\t\t\t\t\t<\/div>\n\t\t\t\t\t\t\t\t\t\t\t\t<\/div>\n\t\t\t\t\t\t\t\t\t<\/a>\n\t\t\t\t\t\t\t<a class=\"e-gallery-item elementor-gallery-item elementor-animated-content\" href=\"https:\/\/xn--nikolettprnye-qmb.hu\/wp-content\/uploads\/2026\/01\/Screenshot_20260106_205542_Chrome.jpg\" data-elementor-open-lightbox=\"yes\" data-elementor-lightbox-slideshow=\"25a1f37\" data-elementor-lightbox-title=\"A bor \u00edg\u00e9rete - 80x60 - olaj, v\u00e1szon - 2023 - El\u00e9rhet\u0151\" data-e-action-hash=\"#elementor-action%3Aaction%3Dlightbox%26settings%3DeyJpZCI6NTMxLCJ1cmwiOiJodHRwczpcL1wveG4tLW5pa29sZXR0cHJueWUtcW1iLmh1XC93cC1jb250ZW50XC91cGxvYWRzXC8yMDI2XC8wMVwvU2NyZWVuc2hvdF8yMDI2MDEwNl8yMDU1NDJfQ2hyb21lLmpwZyIsInNsaWRlc2hvdyI6IjI1YTFmMzcifQ%3D%3D\">\n\t\t\t\t\t<div class=\"e-gallery-image elementor-gallery-item__image\" data-thumbnail=\"https:\/\/xn--nikolettprnye-qmb.hu\/wp-content\/uploads\/2026\/01\/Screenshot_20260106_205542_Chrome.jpg\" data-width=\"1074\" data-height=\"1419\" aria-label=\"A ripe bunch of grapes among leaves, a realistic oil painting.\" role=\"img\" ><\/div>\n\t\t\t\t\t\t\t\t\t\t\t<div class=\"elementor-gallery-item__overlay\"><\/div>\n\t\t\t\t\t\t\t\t\t\t\t\t\t\t\t<div class=\"elementor-gallery-item__content\">\n\t\t\t\t\t\t\t\t\t\t\t\t\t\t<div class=\"elementor-gallery-item__title\">\n\t\t\t\t\t\t\t\t\t\t\t\t\t\t\t\t\t\tThe Promise of Wine \u2013 80\u00d760 \u2013 oil on canvas \u2013 2023 \u2013 Available\t\t\t\t\t\t\t\t<\/div>\n\t\t\t\t\t\t\t\t\t\t\t\t<\/div>\n\t\t\t\t\t\t\t\t\t<\/a>\n\t\t\t\t\t\t\t<a class=\"e-gallery-item elementor-gallery-item elementor-animated-content\" href=\"https:\/\/xn--nikolettprnye-qmb.hu\/wp-content\/uploads\/2026\/01\/FB_IMG_1706377811183.jpg\" data-elementor-open-lightbox=\"yes\" data-elementor-lightbox-slideshow=\"25a1f37\" data-elementor-lightbox-title=\"Fekete aroma - 60x60 - olaj, v\u00e1szon - 2023 - El\u00e9rhet\u0151\" data-e-action-hash=\"#elementor-action%3Aaction%3Dlightbox%26settings%3DeyJpZCI6NTMsInVybCI6Imh0dHBzOlwvXC94bi0tbmlrb2xldHRwcm55ZS1xbWIuaHVcL3dwLWNvbnRlbnRcL3VwbG9hZHNcLzIwMjZcLzAxXC9GQl9JTUdfMTcwNjM3NzgxMTE4My5qcGciLCJzbGlkZXNob3ciOiIyNWExZjM3In0%3D\">\n\t\t\t\t\t<div class=\"e-gallery-image elementor-gallery-item__image\" data-thumbnail=\"https:\/\/xn--nikolettprnye-qmb.hu\/wp-content\/uploads\/2026\/01\/FB_IMG_1706377811183.jpg\" data-width=\"944\" data-height=\"960\" aria-label=\"Steaming black coffee in a cup, a moody oil painting on canvas.\" role=\"img\" ><\/div>\n\t\t\t\t\t\t\t\t\t\t\t<div class=\"elementor-gallery-item__overlay\"><\/div>\n\t\t\t\t\t\t\t\t\t\t\t\t\t\t\t<div class=\"elementor-gallery-item__content\">\n\t\t\t\t\t\t\t\t\t\t\t\t\t\t<div class=\"elementor-gallery-item__title\">\n\t\t\t\t\t\t\t\t\t\t\t\t\t\t\t\t\t\tBlack Aroma \u2013 60\u00d760 \u2013 oil on canvas \u2013 2023 \u2013 Available\t\t\t\t\t\t\t\t<\/div>\n\t\t\t\t\t\t\t\t\t\t\t\t<\/div>\n\t\t\t\t\t\t\t\t\t<\/a>\n\t\t\t\t\t\t\t<a class=\"e-gallery-item elementor-gallery-item elementor-animated-content\" href=\"https:\/\/xn--nikolettprnye-qmb.hu\/wp-content\/uploads\/2026\/01\/Screenshot_20260106_205531_Chrome.jpg\" data-elementor-open-lightbox=\"yes\" data-elementor-lightbox-slideshow=\"25a1f37\" data-elementor-lightbox-title=\"Kertem gy\u00fcm\u00f6lcse - 70x70 - olaj, v\u00e1szon - 2024 - El\u00e9rhet\u0151\" data-e-action-hash=\"#elementor-action%3Aaction%3Dlightbox%26settings%3DeyJpZCI6NTI5LCJ1cmwiOiJodHRwczpcL1wveG4tLW5pa29sZXR0cHJueWUtcW1iLmh1XC93cC1jb250ZW50XC91cGxvYWRzXC8yMDI2XC8wMVwvU2NyZWVuc2hvdF8yMDI2MDEwNl8yMDU1MzFfQ2hyb21lLmpwZyIsInNsaWRlc2hvdyI6IjI1YTFmMzcifQ%3D%3D\">\n\t\t\t\t\t<div class=\"e-gallery-image elementor-gallery-item__image\" data-thumbnail=\"https:\/\/xn--nikolettprnye-qmb.hu\/wp-content\/uploads\/2026\/01\/Screenshot_20260106_205531_Chrome.jpg\" data-width=\"1080\" data-height=\"1080\" aria-label=\"Ripe blackberries on a bush, a realistic oil painting.\" role=\"img\" ><\/div>\n\t\t\t\t\t\t\t\t\t\t\t<div class=\"elementor-gallery-item__overlay\"><\/div>\n\t\t\t\t\t\t\t\t\t\t\t\t\t\t\t<div class=\"elementor-gallery-item__content\">\n\t\t\t\t\t\t\t\t\t\t\t\t\t\t<div class=\"elementor-gallery-item__title\">\n\t\t\t\t\t\t\t\t\t\t\t\t\t\t\t\t\t\tFruit of My Garden \u2013 70\u00d770 \u2013 oil on canvas \u2013 2024 \u2013 Available\t\t\t\t\t\t\t\t<\/div>\n\t\t\t\t\t\t\t\t\t\t\t\t<\/div>\n\t\t\t\t\t\t\t\t\t<\/a>\n\t\t\t\t\t\t\t<a class=\"e-gallery-item elementor-gallery-item elementor-animated-content\" href=\"https:\/\/xn--nikolettprnye-qmb.hu\/wp-content\/uploads\/2026\/01\/70x70-olaj-vaszon-uveggomb.jpg\" data-elementor-open-lightbox=\"yes\" data-elementor-lightbox-slideshow=\"25a1f37\" data-elementor-lightbox-title=\"Tavasz a g\u00f6mbben - 80x80 - olaj, v\u00e1szon - 2024 - Eladva\" data-e-action-hash=\"#elementor-action%3Aaction%3Dlightbox%26settings%3DeyJpZCI6NTQ5LCJ1cmwiOiJodHRwczpcL1wveG4tLW5pa29sZXR0cHJueWUtcW1iLmh1XC93cC1jb250ZW50XC91cGxvYWRzXC8yMDI2XC8wMVwvNzB4NzAtb2xhai12YXN6b24tdXZlZ2dvbWIuanBnIiwic2xpZGVzaG93IjoiMjVhMWYzNyJ9\">\n\t\t\t\t\t<div class=\"e-gallery-image elementor-gallery-item__image\" data-thumbnail=\"https:\/\/xn--nikolettprnye-qmb.hu\/wp-content\/uploads\/2026\/01\/70x70-olaj-vaszon-uveggomb.jpg\" data-width=\"1800\" data-height=\"1814\" aria-label=\"A blooming cherry branch reflected in a glass sphere, a realistic oil painting with a spring atmosphere.\" role=\"img\" ><\/div>\n\t\t\t\t\t\t\t\t\t\t\t<div class=\"elementor-gallery-item__overlay\"><\/div>\n\t\t\t\t\t\t\t\t\t\t\t\t\t\t\t<div class=\"elementor-gallery-item__content\">\n\t\t\t\t\t\t\t\t\t\t\t\t\t\t<div class=\"elementor-gallery-item__title\">\n\t\t\t\t\t\t\t\t\t\t\t\t\t\t\t\t\t\tSpring in the Sphere \u2013 80\u00d780 \u2013 oil on canvas \u2013 2024 \u2013 Sold\t\t\t\t\t\t\t\t<\/div>\n\t\t\t\t\t\t\t\t\t\t\t\t<\/div>\n\t\t\t\t\t\t\t\t\t<\/a>\n\t\t\t\t\t\t\t<a class=\"e-gallery-item elementor-gallery-item elementor-animated-content\" href=\"https:\/\/xn--nikolettprnye-qmb.hu\/wp-content\/uploads\/2026\/01\/tojas.jpg\" data-elementor-open-lightbox=\"yes\" data-elementor-lightbox-slideshow=\"25a1f37\" data-elementor-lightbox-title=\"L\u00e1gys\u00e1g - 40x50 - olaj, v\u00e1szon - 2023 - El\u00e9rhet\u0151\" data-e-action-hash=\"#elementor-action%3Aaction%3Dlightbox%26settings%3DeyJpZCI6NTMyLCJ1cmwiOiJodHRwczpcL1wveG4tLW5pa29sZXR0cHJueWUtcW1iLmh1XC93cC1jb250ZW50XC91cGxvYWRzXC8yMDI2XC8wMVwvdG9qYXMuanBnIiwic2xpZGVzaG93IjoiMjVhMWYzNyJ9\">\n\t\t\t\t\t<div class=\"e-gallery-image elementor-gallery-item__image\" data-thumbnail=\"https:\/\/xn--nikolettprnye-qmb.hu\/wp-content\/uploads\/2026\/01\/tojas.jpg\" data-width=\"2324\" data-height=\"1906\" aria-label=\"A cracked egg in a still life, a realistic oil painting.\" role=\"img\" ><\/div>\n\t\t\t\t\t\t\t\t\t\t\t<div class=\"elementor-gallery-item__overlay\"><\/div>\n\t\t\t\t\t\t\t\t\t\t\t\t\t\t\t<div class=\"elementor-gallery-item__content\">\n\t\t\t\t\t\t\t\t\t\t\t\t\t\t<div class=\"elementor-gallery-item__title\">\n\t\t\t\t\t\t\t\t\t\t\t\t\t\t\t\t\t\tSoftness \u2013 40\u00d750 \u2013 oil on canvas \u2013 2023 \u2013 Available\t\t\t\t\t\t\t\t<\/div>\n\t\t\t\t\t\t\t\t\t\t\t\t<\/div>\n\t\t\t\t\t\t\t\t\t<\/a>\n\t\t\t\t\t\t\t<a class=\"e-gallery-item elementor-gallery-item elementor-animated-content\" href=\"https:\/\/xn--nikolettprnye-qmb.hu\/wp-content\/uploads\/2026\/01\/FB_IMG_1767718624778.jpg\" data-elementor-open-lightbox=\"yes\" data-elementor-lightbox-slideshow=\"25a1f37\" data-elementor-lightbox-title=\"V\u00f6r\u00f6s \u00e9s fekete magok - 60x70 - olaj, v\u00e1szon - 2025 - El\u00e9rhet\u0151\" data-e-action-hash=\"#elementor-action%3Aaction%3Dlightbox%26settings%3DeyJpZCI6NTI3LCJ1cmwiOiJodHRwczpcL1wveG4tLW5pa29sZXR0cHJueWUtcW1iLmh1XC93cC1jb250ZW50XC91cGxvYWRzXC8yMDI2XC8wMVwvRkJfSU1HXzE3Njc3MTg2MjQ3NzguanBnIiwic2xpZGVzaG93IjoiMjVhMWYzNyJ9\">\n\t\t\t\t\t<div class=\"e-gallery-image elementor-gallery-item__image\" data-thumbnail=\"https:\/\/xn--nikolettprnye-qmb.hu\/wp-content\/uploads\/2026\/01\/FB_IMG_1767718624778.jpg\" data-width=\"1992\" data-height=\"1666\" aria-label=\"Fruits in a metal bowl, a realistic still-life oil painting.\" role=\"img\" ><\/div>\n\t\t\t\t\t\t\t\t\t\t\t<div class=\"elementor-gallery-item__overlay\"><\/div>\n\t\t\t\t\t\t\t\t\t\t\t\t\t\t\t<div class=\"elementor-gallery-item__content\">\n\t\t\t\t\t\t\t\t\t\t\t\t\t\t<div class=\"elementor-gallery-item__title\">\n\t\t\t\t\t\t\t\t\t\t\t\t\t\t\t\t\t\tRed and Black Seeds \u2013 60x70 \u2013 oil on canvas \u2013 2025 \u2013 Available\t\t\t\t\t\t\t\t<\/div>\n\t\t\t\t\t\t\t\t\t\t\t\t<\/div>\n\t\t\t\t\t\t\t\t\t<\/a>\n\t\t\t\t\t\t\t<a class=\"e-gallery-item elementor-gallery-item elementor-animated-content\" href=\"https:\/\/xn--nikolettprnye-qmb.hu\/wp-content\/uploads\/2026\/04\/tavaszi-erintes-.jpg\" data-elementor-open-lightbox=\"yes\" data-elementor-lightbox-slideshow=\"25a1f37\" data-elementor-lightbox-title=\"Tavaszi \u00e9rint\u00e9s - 60x60 - olaj, v\u00e1szon - 2026 - El\u00e9rhet\u0151\" data-e-action-hash=\"#elementor-action%3Aaction%3Dlightbox%26settings%3DeyJpZCI6MTIwNiwidXJsIjoiaHR0cHM6XC9cL3huLS1uaWtvbGV0dHBybnllLXFtYi5odVwvd3AtY29udGVudFwvdXBsb2Fkc1wvMjAyNlwvMDRcL3RhdmFzemktZXJpbnRlcy0uanBnIiwic2xpZGVzaG93IjoiMjVhMWYzNyJ9\">\n\t\t\t\t\t<div class=\"e-gallery-image elementor-gallery-item__image\" data-thumbnail=\"https:\/\/xn--nikolettprnye-qmb.hu\/wp-content\/uploads\/2026\/04\/tavaszi-erintes-.jpg\" data-width=\"1458\" data-height=\"1464\" aria-label=\"Pink spring blossoms on a branch, illuminated by sunlight, with soft shadows in the background.\" role=\"img\" ><\/div>\n\t\t\t\t\t\t\t\t\t\t\t<div class=\"elementor-gallery-item__overlay\"><\/div>\n\t\t\t\t\t\t\t\t\t\t\t\t\t\t\t<div class=\"elementor-gallery-item__content\">\n\t\t\t\t\t\t\t\t\t\t\t\t\t\t<div class=\"elementor-gallery-item__title\">\n\t\t\t\t\t\t\t\t\t\t\t\t\t\t\t\t\t\tSpring Touch \u2013 60\u00d760 \u2013 oil on canvas \u2013 2026 \u2013 Available\t\t\t\t\t\t\t\t<\/div>\n\t\t\t\t\t\t\t\t\t\t\t\t<\/div>\n\t\t\t\t\t\t\t\t\t<\/a>\n\t\t\t\t\t\t\t<a class=\"e-gallery-item elementor-gallery-item elementor-animated-content\" href=\"https:\/\/xn--nikolettprnye-qmb.hu\/wp-content\/uploads\/2026\/01\/cseresznye-60x60-1.jpg\" data-elementor-open-lightbox=\"yes\" data-elementor-lightbox-slideshow=\"25a1f37\" data-elementor-lightbox-title=\"V\u00f6r\u00f6s \u00e9s fekete - 60x60 - olaj, v\u00e1szon - 2024 - El\u00e9rhet\u0151\" data-e-action-hash=\"#elementor-action%3Aaction%3Dlightbox%26settings%3DeyJpZCI6NTI2LCJ1cmwiOiJodHRwczpcL1wveG4tLW5pa29sZXR0cHJueWUtcW1iLmh1XC93cC1jb250ZW50XC91cGxvYWRzXC8yMDI2XC8wMVwvY3NlcmVzem55ZS02MHg2MC0xLmpwZyIsInNsaWRlc2hvdyI6IjI1YTFmMzcifQ%3D%3D\">\n\t\t\t\t\t<div class=\"e-gallery-image elementor-gallery-item__image\" data-thumbnail=\"https:\/\/xn--nikolettprnye-qmb.hu\/wp-content\/uploads\/2026\/01\/cseresznye-60x60-1.jpg\" data-width=\"2082\" data-height=\"2125\" aria-label=\"Cherries in a metal bowl, a high-contrast still-life oil painting.\" role=\"img\" ><\/div>\n\t\t\t\t\t\t\t\t\t\t\t<div class=\"elementor-gallery-item__overlay\"><\/div>\n\t\t\t\t\t\t\t\t\t\t\t\t\t\t\t<div class=\"elementor-gallery-item__content\">\n\t\t\t\t\t\t\t\t\t\t\t\t\t\t<div class=\"elementor-gallery-item__title\">\n\t\t\t\t\t\t\t\t\t\t\t\t\t\t\t\t\t\tRed and Black \u2013 60\u00d760 \u2013 oil on canvas \u2013 2024 \u2013 Available\t\t\t\t\t\t\t\t<\/div>\n\t\t\t\t\t\t\t\t\t\t\t\t<\/div>\n\t\t\t\t\t\t\t\t\t<\/a>\n\t\t\t\t\t<\/div>\n\t\t\t\t\t<\/div>\n\t\t\t\t<\/div>\n\t\t\t\t<\/div>","protected":false},"excerpt":{"rendered":"<p>Kertem gy\u00fcm\u00f6lcse &#8211; 70&#215;70 &#8211; olaj, v\u00e1szon &#8211; 2024 &#8211; El\u00e9rhet\u0151 80&#215;60 &#8211; olaj, v\u00e1szon &#8211; 2026 &#8211; El\u00e9rhet\u0151 Tavasz a g\u00f6mbben &#8211; 80&#215;80 &#8211; olaj, v\u00e1szon &#8211; 2024 &#8211; Eladva V\u00f6r\u00f6s \u00e9s fekete magok &#8211; 60&#215;70 &#8211; olaj, v\u00e1szon &#8211; 2025 &#8211; El\u00e9rhet\u0151 Fekete aroma &#8211; 60&#215;60 &#8211; olaj, v\u00e1szon &#8211; 2023 &#8211; El\u00e9rhet\u0151 &#8230; <a title=\"Csend\u00e9letek gal\u00e9ria\" class=\"read-more\" href=\"https:\/\/xn--nikolettprnye-qmb.hu\/en\/csendeletek-galeria\/\" aria-label=\"Read more about Csend\u00e9letek gal\u00e9ria\">Olvass tov\u00e1bb<\/a><\/p>","protected":false},"author":1,"featured_media":0,"parent":0,"menu_order":0,"comment_status":"closed","ping_status":"closed","template":"","meta":{"footnotes":""},"class_list":["post-517","page","type-page","status-publish"],"_links":{"self":[{"href":"https:\/\/xn--nikolettprnye-qmb.hu\/en\/wp-json\/wp\/v2\/pages\/517","targetHints":{"allow":["GET"]}}],"collection":[{"href":"https:\/\/xn--nikolettprnye-qmb.hu\/en\/wp-json\/wp\/v2\/pages"}],"about":[{"href":"https:\/\/xn--nikolettprnye-qmb.hu\/en\/wp-json\/wp\/v2\/types\/page"}],"author":[{"embeddable":true,"href":"https:\/\/xn--nikolettprnye-qmb.hu\/en\/wp-json\/wp\/v2\/users\/1"}],"replies":[{"embeddable":true,"href":"https:\/\/xn--nikolettprnye-qmb.hu\/en\/wp-json\/wp\/v2\/comments?post=517"}],"version-history":[{"count":0,"href":"https:\/\/xn--nikolettprnye-qmb.hu\/en\/wp-json\/wp\/v2\/pages\/517\/revisions"}],"wp:attachment":[{"href":"https:\/\/xn--nikolettprnye-qmb.hu\/en\/wp-json\/wp\/v2\/media?parent=517"}],"curies":[{"name":"wp","href":"https:\/\/api.w.org\/{rel}","templated":true}]}}